{"id":322,"date":"2020-02-18T14:37:40","date_gmt":"2020-02-18T14:37:40","guid":{"rendered":"http:\/\/marketcash.net\/?page_id=322"},"modified":"2020-02-21T01:40:11","modified_gmt":"2020-02-21T01:40:11","slug":"faq","status":"publish","type":"page","link":"https:\/\/marketcash.net\/pt\/faq\/","title":{"rendered":"perguntas frequentes"},"content":{"rendered":"<div data-elementor-type=\"wp-page\" data-elementor-id=\"322\" class=\"elementor elementor-322\">\n\t\t\t\t\t\t<section class=\"elementor-section elementor-top-section elementor-element elementor-element-1eb9fcb elementor-section-boxed elementor-section-height-default elementor-section-height-default\" data-id=\"1eb9fcb\" data-element_type=\"section\" data-e-type=\"section\">\n\t\t\t\t\t\t<div class=\"elementor-container elementor-column-gap-default\">\n\t\t\t\t\t<div class=\"elementor-column elementor-col-100 elementor-top-column elementor-element elementor-element-2022ef7 animated-slow elementor-invisible\" data-id=\"2022ef7\" data-element_type=\"column\" data-e-type=\"column\" data-settings=\"{&quot;animation&quot;:&quot;fadeIn&quot;}\">\n\t\t\t<div class=\"elementor-widget-wrap\">\n\t\t\t\t\t\t\t<\/div>\n\t\t<\/div>\n\t\t\t\t\t<\/div>\n\t\t<\/section>\n\t\t\t\t<\/div>","protected":false},"excerpt":{"rendered":"<p>O que posso fazer com MarketCash (MKT) Nosso token pode ser usado em nosso aplicativo de v\u00e1rias maneiras. Voc\u00ea pode comprar produtos e servi\u00e7os, fazer transfer\u00eancias pelo chat com amigos, sacar da carteira do aplicativo para alguma exchange e depois trocar por outra criptomoeda ou dinheiro fiduci\u00e1rio (USD, BRL, EUR). Que taxa devo pagar para\u2026<\/p>","protected":false},"author":1,"featured_media":0,"parent":0,"menu_order":0,"comment_status":"closed","ping_status":"closed","template":"","meta":{"footnotes":""},"class_list":["post-322","page","type-page","status-publish","hentry"],"_links":{"self":[{"href":"https:\/\/marketcash.net\/pt\/wp-json\/wp\/v2\/pages\/322","targetHints":{"allow":["GET"]}}],"collection":[{"href":"https:\/\/marketcash.net\/pt\/wp-json\/wp\/v2\/pages"}],"about":[{"href":"https:\/\/marketcash.net\/pt\/wp-json\/wp\/v2\/types\/page"}],"author":[{"embeddable":true,"href":"https:\/\/marketcash.net\/pt\/wp-json\/wp\/v2\/users\/1"}],"replies":[{"embeddable":true,"href":"https:\/\/marketcash.net\/pt\/wp-json\/wp\/v2\/comments?post=322"}],"version-history":[{"count":8,"href":"https:\/\/marketcash.net\/pt\/wp-json\/wp\/v2\/pages\/322\/revisions"}],"predecessor-version":[{"id":386,"href":"https:\/\/marketcash.net\/pt\/wp-json\/wp\/v2\/pages\/322\/revisions\/386"}],"wp:attachment":[{"href":"https:\/\/marketcash.net\/pt\/wp-json\/wp\/v2\/media?parent=322"}],"curies":[{"name":"wp","href":"https:\/\/api.w.org\/{rel}","templated":true}]}}