{"id":271,"date":"2020-02-17T20:33:48","date_gmt":"2020-02-17T20:33:48","guid":{"rendered":"http:\/\/marketcash.net\/?page_id=271"},"modified":"2020-02-17T20:33:48","modified_gmt":"2020-02-17T20:33:48","slug":"about-marketcash","status":"publish","type":"page","link":"https:\/\/marketcash.net\/pt\/about-marketcash\/","title":{"rendered":"Sobre MarketCash"},"content":{"rendered":"<h2 class=\"wp-block-heading\">O que \u00e9 MarketCash e seu objetivo?<\/h2>\n\n\n\n<p>O projeto MarketCash foi lan\u00e7ado inicialmente com objetivos leves, nossa criptomoeda demorou muito e atrapalhou nosso desenvolvimento. Ap\u00f3s uma reformula\u00e7\u00e3o do nosso projeto, decidimos migrar nossa criptomoeda para a rede blockchain Waves, est\u00e1vel e sem problemas com o protocolo cryptonote. Al\u00e9m disso, tamb\u00e9m entramos no mundo mobile. Nosso objetivo \u00e9 ter uma plataforma com diversas solu\u00e7\u00f5es integradas.<br><br>MarketCash \u00e9 uma criptomoeda utilit\u00e1ria projetada para tornar o envio e recebimento de dinheiro r\u00e1pido e f\u00e1cil para as pessoas. O projeto foi idealizado e iniciado no primeiro trimestre de 2018, por meio de Rafael Nascimento, fundador e atual CEO.<\/p>\n\n\n\n<p>Atrav\u00e9s do MarketCash, foi desenvolvido um aplicativo chamado MarketChat, mensageiro que permite \u00e0s pessoas enviar mensagens instant\u00e2neas entre si de forma segura. Este aplicativo possui diversos recursos que facilitam a vida dos usu\u00e1rios e se integram ao nosso token MarketCash (MKT).<br><\/p>\n\n\n\n<h2 class=\"wp-block-heading\">Detalhes t\u00e9cnicos<\/h2>\n\n\n\n<figure class=\"wp-block-table\"><table class=\"\"><thead><tr><th>Nome<\/th><th>S\u00edmbolo<\/th><th>Fornecimento total<\/th><th>Casas decimais<\/th><th>Blockchain<\/th><th>Tipo<\/th><\/tr><\/thead><tbody><tr><td>MercadoCash<\/td><td>MKT<\/td><td>100.000.000 (100 milh\u00f5es)<\/td><td>8<\/td><td>Ondas<\/td><td>S\u00edmbolo<\/td><\/tr><\/tbody><\/table><\/figure>","protected":false},"excerpt":{"rendered":"<p>O que \u00e9 MarketCash e seu objetivo? O projeto MarketCash foi lan\u00e7ado inicialmente com objetivos leves, nossa criptomoeda demorou muito e atrapalhou nosso desenvolvimento. Ap\u00f3s uma reformula\u00e7\u00e3o do nosso projeto, decidimos migrar nossa criptomoeda para a rede blockchain Waves, est\u00e1vel e sem problemas com o protocolo cryptonote. Al\u00e9m disso, tamb\u00e9m entramos no\u2026<\/p>","protected":false},"author":1,"featured_media":0,"parent":0,"menu_order":0,"comment_status":"closed","ping_status":"closed","template":"","meta":{"footnotes":""},"class_list":["post-271","page","type-page","status-publish","hentry"],"_links":{"self":[{"href":"https:\/\/marketcash.net\/pt\/wp-json\/wp\/v2\/pages\/271","targetHints":{"allow":["GET"]}}],"collection":[{"href":"https:\/\/marketcash.net\/pt\/wp-json\/wp\/v2\/pages"}],"about":[{"href":"https:\/\/marketcash.net\/pt\/wp-json\/wp\/v2\/types\/page"}],"author":[{"embeddable":true,"href":"https:\/\/marketcash.net\/pt\/wp-json\/wp\/v2\/users\/1"}],"replies":[{"embeddable":true,"href":"https:\/\/marketcash.net\/pt\/wp-json\/wp\/v2\/comments?post=271"}],"version-history":[{"count":1,"href":"https:\/\/marketcash.net\/pt\/wp-json\/wp\/v2\/pages\/271\/revisions"}],"predecessor-version":[{"id":272,"href":"https:\/\/marketcash.net\/pt\/wp-json\/wp\/v2\/pages\/271\/revisions\/272"}],"wp:attachment":[{"href":"https:\/\/marketcash.net\/pt\/wp-json\/wp\/v2\/media?parent=271"}],"curies":[{"name":"wp","href":"https:\/\/api.w.org\/{rel}","templated":true}]}}