{"id":120,"date":"2018-10-26T15:40:23","date_gmt":"2018-10-26T15:40:23","guid":{"rendered":"https:\/\/futuriodemos.com\/default-demo\/?page_id=120"},"modified":"2018-10-26T15:40:23","modified_gmt":"2018-10-26T15:40:23","slug":"gutenberg-page","status":"publish","type":"page","link":"https:\/\/marketcash.net\/pt\/gutenberg-page\/","title":{"rendered":"P\u00e1gina de Gutenberg"},"content":{"rendered":"<h2 class=\"wp-block-heading\">Bloco de Cabe\u00e7alho (H2)<\/h2>\n\n\n\n<h3 class=\"wp-block-heading\">Voc\u00ea est\u00e1 olhando para um. (H3)<\/h3>\n\n\n\n<h2 class=\"wp-block-heading\">Bloco de subt\u00edtulo<\/h2>\n\n\n\n<p class=\"wp-block-subhead\">Este \u00e9 um subt\u00edtulo<\/p>\n\n\n\n<h2 class=\"wp-block-heading\">Bloco de Par\u00e1grafo<\/h2>\n\n\n\n<p>Este \u00e9 um bloco de par\u00e1grafo. Produza profissionalmente resultados altamente eficientes com compet\u00eancias essenciais de classe mundial. Arquiteturas de alavancagem matricial objetivamente vis-\u00e0-vis aplicativos sem erros. Maximize completamente portais personalizados por meio de m\u00e9tricas totalmente pesquisadas. Gere com entusiasmo itens de a\u00e7\u00e3o de primeira linha por meio de e-markets habilitados para a web. Paralelize eficientemente o capital intelectual hol\u00edstico de tarefas e os mercados centrados no cliente.<br><br><\/p>\n\n\n\n<h2 class=\"wp-block-heading\">Bloco de imagem (padr\u00e3o\n\t<g class=\"gr_ gr_3 gr-alert gr_spell gr_inline_cards gr_run_anim ContextualSpelling ins-del multiReplace\" id=\"3\" data-gr-id=\"3\">largura<\/g>)<\/h2>\n\n\n\n<figure class=\"wp-block-image\"><img decoding=\"async\" src=\"https:\/\/futuriodemos.com\/ocean-demo\/wp-content\/uploads\/sites\/27\/2018\/10\/girl-3714828_1920.jpg\" alt=\"\" class=\"wp-image-9\"\/><\/figure>\n\n\n\n<h2 class=\"wp-block-heading\">Bloco de imagem (largo\n\t<g class=\"gr_ gr_3 gr-alert gr_spell gr_inline_cards gr_run_anim ContextualSpelling ins-del multiReplace\" id=\"3\" data-gr-id=\"3\">largura<\/g>)<\/h2>\n\n\n\n<figure class=\"wp-block-image alignwide\"><img decoding=\"async\" src=\"https:\/\/futuriodemos.com\/ocean-demo\/wp-content\/uploads\/sites\/27\/2018\/10\/girl-3714828_1920.jpg\" alt=\"\" class=\"wp-image-9\"\/><\/figure>\n\n\n\n<h2 class=\"wp-block-heading\">Bloco de imagem (largura total)<\/h2>\n\n\n\n<figure class=\"wp-block-image alignfull\"><img decoding=\"async\" src=\"https:\/\/futuriodemos.com\/ocean-demo\/wp-content\/uploads\/sites\/27\/2018\/10\/girl-3714828_1920.jpg\" alt=\"\" class=\"wp-image-9\"\/><\/figure>\n\n\n\n<h2 class=\"wp-block-heading\">Bloco de imagem de capa<\/h2>\n\n\n\n<div class=\"wp-block-cover has-background-dim alignfull is-layout-flow wp-block-cover-is-layout-flow\" style=\"background-image:url(https:\/\/futuriodemos.com\/ocean-demo\/wp-content\/uploads\/sites\/27\/2018\/10\/girl-3714828_1920.jpg)\"><p class=\"wp-block-cover-text\">Este bloco pode ser usado para a se\u00e7\u00e3o Her\u00f3i.<br>A largura total foi aplicada.<\/p><\/div>\n\n\n\n<h2 class=\"wp-block-heading\">Bloco de galeria<\/h2>\n\n\n\n<ul class=\"wp-block-gallery columns-3 is-cropped alignnone wp-block-gallery-1 is-layout-flex wp-block-gallery-is-layout-flex\"><li class=\"blocks-gallery-item\"><figure><img decoding=\"async\" src=\"https:\/\/futuriodemos.com\/ocean-demo\/wp-content\/uploads\/sites\/27\/2018\/10\/port-3109757_1920.jpg\" alt=\"\" data-id=\"12\" data-link=\"https:\/\/futuriodemos.com\/default-demo\/nulla-turpis-magna\/port-3109757_1920\/\" class=\"wp-image-12\"\/><\/figure><\/li><li class=\"blocks-gallery-item\"><figure><img decoding=\"async\" src=\"https:\/\/futuriodemos.com\/ocean-demo\/wp-content\/uploads\/sites\/27\/2018\/10\/hallway-1245845_1920.jpg\" alt=\"\" data-id=\"11\" data-link=\"https:\/\/futuriodemos.com\/default-demo\/nulla-turpis-magna\/hallway-1245845_1920\/\" class=\"wp-image-11\"\/><\/figure><\/li><li class=\"blocks-gallery-item\"><figure><img decoding=\"async\" src=\"https:\/\/futuriodemos.com\/ocean-demo\/wp-content\/uploads\/sites\/27\/2018\/10\/hall-1929422_1920.jpg\" alt=\"\" data-id=\"10\" data-link=\"https:\/\/futuriodemos.com\/default-demo\/nulla-turpis-magna\/hall-1929422_1920\/\" class=\"wp-image-10\"\/><\/figure><\/li><li class=\"blocks-gallery-item\"><figure><img decoding=\"async\" src=\"https:\/\/futuriodemos.com\/ocean-demo\/wp-content\/uploads\/sites\/27\/2018\/10\/girl-3714828_1920.jpg\" alt=\"\" data-id=\"9\" data-link=\"https:\/\/futuriodemos.com\/default-demo\/nulla-turpis-magna\/girl-3714828_1920\/\" class=\"wp-image-9\"\/><\/figure><\/li><li class=\"blocks-gallery-item\"><figure><img decoding=\"async\" src=\"https:\/\/futuriodemos.com\/ocean-demo\/wp-content\/uploads\/sites\/27\/2018\/10\/fan-3645379_1920.jpg\" alt=\"\" data-id=\"8\" data-link=\"https:\/\/futuriodemos.com\/default-demo\/nulla-turpis-magna\/fan-3645379_1920\/\" class=\"wp-image-8\"\/><\/figure><\/li><\/ul>\n\n\n\n<h2 class=\"wp-block-heading\">Bloco de lista<\/h2>\n\n\n\n<ul class=\"wp-block-list\"><li>Item da lista 1<\/li><li>Item da lista 2<\/li><li>Item da lista 3<\/li><li>Item da lista 4<\/li><\/ul>\n\n\n\n<h2 class=\"has-top-margin wp-block-heading\">Bloco de colunas<\/h2>\n\n\n\n<div class=\"wp-block-columns has-2-columns is-layout-flex wp-container-core-columns-is-layout-9d6595d7 wp-block-columns-is-layout-flex\">\n<div class=\"wp-block-column is-layout-flow wp-block-column-is-layout-flow\">\n<figure class=\"wp-block-image\"><img decoding=\"async\" src=\"https:\/\/futuriodemos.com\/ocean-demo\/wp-content\/uploads\/sites\/27\/2018\/10\/fan-3645379_1920.jpg\" alt=\"\" class=\"wp-image-8\"\/><\/figure>\n<\/div>\n\n\n\n<div class=\"wp-block-column is-layout-flow wp-block-column-is-layout-flow\">\n<p>Transforme fosforescentemente relacionamentos intuitivos em vez de capital humano direcionado ao cliente. Personalize dinamicamente informa\u00e7\u00f5es prontas para uso, enquanto processos ortogonais. Entregue assertivamente habilidades de lideran\u00e7a superiores, enquanto terceiriza\u00e7\u00e3o hol\u00edstica. Itere com entusiasmo as melhores pr\u00e1ticas habilitadas em rela\u00e7\u00e3o \u00e0s comunidades 24\/365.<\/p>\n<\/div>\n<\/div>\n\n\n\n<h2 class=\"wp-block-heading\">Bloco de coluna de texto<\/h2>\n\n\n\n<div class=\"wp-block-text-columns alignundefined columns-2\"><div class=\"wp-block-column\"><p>Esta \u00e9 a coluna de texto da esquerda.<br><br>Inicie apropriadamente dados de pandemia por meio de cen\u00e1rios economicamente s\u00f3lidos. Promova de forma confi\u00e1vel metodologias baratas por meio de lideran\u00e7a cross-media. Monetize dramaticamente infomedi\u00e1rios cont\u00ednuos por meio de funcionalidades centradas em princ\u00edpios. Transforme perfeitamente a terceiriza\u00e7\u00e3o multifuncional por meio de meta-servi\u00e7os de constru\u00e7\u00e3o de equipe. Adote intrinsecamente produtos de base instalados para procedimentos de teste habilitados.<br><\/p><\/div><div class=\"wp-block-column\"><p>Esta \u00e9 a coluna de texto correta.<br><br>Desintermediar completamente o conte\u00fado amig\u00e1vel ao usu\u00e1rio por meio de compet\u00eancias essenciais covalentes. Apreender com entusiasmo alinhamentos intermandatados para paradigmas de suc\u00e7\u00e3o de recursos. Projetar intrinsecamente iniciativas sustent\u00e1veis por meio de benef\u00edcios de maximiza\u00e7\u00e3o de recursos. Modelar com efici\u00eancia portais de primeira linha por meio de interfaces distribu\u00eddas. Envolver intrinsecamente a participa\u00e7\u00e3o mental baseada em desempenho com a melhor terceiriza\u00e7\u00e3o da categoria.<br><\/p><\/div><\/div>\n\n\n\n<h2 class=\"wp-block-heading\">Bloco de bot\u00f5es<\/h2>\n\n\n\n<div class=\"wp-block-button alignnone\"><a class=\"wp-block-button__link\" href=\"#\">Come\u00e7ar<\/a><\/div>\n\n\n\n<h2 class=\"wp-block-heading\">Bloco de Cita\u00e7\u00e3o<\/h2>\n\n\n\n<blockquote class=\"wp-block-quote is-layout-flow wp-block-quote-is-layout-flow\"><p><em>Pegue uma ideia, fa\u00e7a dessa ideia sua vida. Pense nisso, sonhe com isso, viva essa ideia, deixe o c\u00e9rebro, os m\u00fasculos, os nervos, cada parte do seu corpo estar cheia dessa ideia, e deixe todas as outras ideias de lado. Esse \u00e9 o caminho para o sucesso.<\/em><\/p><cite>Swami Vivekananda<\/cite><\/blockquote>\n\n\n\n<h2 class=\"wp-block-heading\">Bloco de cita\u00e7\u00e3o (outro estilo)<\/h2>\n\n\n\n<blockquote class=\"wp-block-quote is-large is-layout-flow wp-block-quote-is-layout-flow\"><p><em>Pegue uma ideia, fa\u00e7a dessa ideia sua vida. Pense nisso, <g class=\"gr_ gr_10 gr-alert gr_gramm gr_inline_cards gr_run_anim Grammar only-ins doubleReplace replaceWithoutSep\" id=\"10\" data-gr-id=\"10\">sonhar<\/g> disso, viva essa ideia, deixe o c\u00e9rebro, os m\u00fasculos, os nervos, cada parte do seu corpo estar cheia dessa ideia, e deixe todas as outras ideias de lado. Esse \u00e9 o caminho para o sucesso.<\/em><\/p><cite>Swami Vivekananda<\/cite><\/blockquote>\n\n\n\n<h2 class=\"wp-block-heading\">Bloco de c\u00f3digo<\/h2>\n\n\n\n<pre class=\"wp-block-code\"><code>@media somente tela e (largura m\u00ednima: 960px) { corpo .alignfull { largura: autom\u00e1tico; largura m\u00e1xima: 1000%; margem direita: calc(50% - 50vw); margem esquerda: calc(50% - 50vw); } corpo .alignwide { largura: autom\u00e1tico; largura m\u00e1xima: 1000%; margem direita: calc(25% - 25vw); margem esquerda: calc(25% - 25vw); } .alignwide img, .alignfull img { exibi\u00e7\u00e3o: bloco; margem: 0 auto; } }<\/code><\/pre>\n\n\n\n<h2 class=\"wp-block-heading\">Bloco de \u00e1udio<\/h2>\n\n\n\n<figure class=\"wp-block-audio\"><audio controls src=\"https:\/\/freemusicarchive.org\/file\/music\/WFMU\/Broke_For_Free\/Directionless_EP\/Broke_For_Free_-_01_-_Night_Owl.mp3\"><\/audio><\/figure>\n\n\n\n<h2 class=\"wp-block-heading\">Bloco de v\u00eddeo<\/h2>\n\n\n\n<figure class=\"wp-block-video\"><video controls src=\"https:\/\/archive.org\/download\/SlowMotionFlame\/slomoflame_512kb.mp4\"><\/video><\/figure>\n\n\n\n<h2 class=\"wp-block-heading\">Bloco HTML personalizado<\/h2>\n\n\n\n<strong>Este \u00e9 um bloco HTML.<\/strong>\n\n\n\n<h2 class=\"has-top-margin wp-block-heading\">Bloco pr\u00e9-formatado<\/h2>\n\n\n\n<pre class=\"wp-block-preformatted\">Este \u00e9 um texto pr\u00e9-formatado. O texto pr\u00e9-formatado mant\u00e9m seus espa\u00e7os, tabula\u00e7\u00f5es e<br>quebras de linha como elas s\u00e3o.<\/pre>\n\n\n\n<h2 class=\"wp-block-heading\">Bloco de versos<\/h2>\n\n\n\n<pre class=\"wp-block-verse\">Escreva poesia e outras express\u00f5es liter\u00e1rias respeitando todos os espa\u00e7os e quebras de linha.<\/pre>\n\n\n\n<h2 class=\"wp-block-heading\">Bloco de mesa<\/h2>\n\n\n\n<table class=\"wp-block-table\">\n\t<tbody>\n\t\t<tr style=\"height:45px\">\n\t\t\t<td style=\"height:45px\">Linha 1 Coluna 1<\/td>\n\t\t\t<td style=\"height:45px\">Linha 1 Coluna 2<\/td>\n\t\t<\/tr>\n\t\t<tr style=\"height:45px\">\n\t\t\t<td style=\"height:45px\">Linha 2 Coluna 1<\/td>\n\t\t\t<td style=\"height:45px\">Linha 2 Coluna 2<\/td>\n\t\t<\/tr>\n\t\t<tr style=\"height:45px\">\n\t\t\t<td style=\"height:45px\">Linha 3 Coluna 1<\/td>\n\t\t\t<td style=\"height:45px\">Linha 3 Coluna 2<\/td>\n\t\t<\/tr>\n\t<\/tbody>\n<\/table>\n\n\n\n<h2 class=\"wp-block-heading\">Bloco Separador<\/h2>\n\n\n\n<hr class=\"wp-block-separator\"\/>\n\n\n\n<h2 class=\"has-top-margin wp-block-heading\">Bloco espa\u00e7ador<\/h2>\n\n\n\n<div style=\"height:100px\" aria-hidden=\"true\" class=\"wp-block-spacer\"><\/div>\n\n\n\n<h2 class=\"wp-block-heading\">Bloco de categorias<\/h2>\n\n\n<ul class=\"wp-block-categories-list wp-block-categories\">\t<li class=\"cat-item cat-item-2\"><a href=\"https:\/\/marketcash.net\/pt\/c\/blog\/\">Blogue<\/a>\n<\/li>\n\t<li class=\"cat-item cat-item-3\"><a href=\"https:\/\/marketcash.net\/pt\/c\/news\/\">Not\u00edcias<\/a>\n<\/li>\n<\/ul>\n\n\n<h2 class=\"wp-block-heading\">\u00daltimas postagens Bloco<\/h2>\n\n\n<ul class=\"wp-block-latest-posts__list wp-block-latest-posts\"><li><a class=\"wp-block-latest-posts__post-title\" href=\"https:\/\/marketcash.net\/pt\/news\/new-listing-exchange\/398\/2022\/\">Nova troca de listagem<\/a><\/li>\n<li><a class=\"wp-block-latest-posts__post-title\" href=\"https:\/\/marketcash.net\/pt\/news\/meet-marketchat-the-new-application-from-marketcash\/23\/2020\/\">Conhe\u00e7a o MarketChat, o novo aplicativo da MarketCash.<\/a><\/li>\n<li><a class=\"wp-block-latest-posts__post-title\" href=\"https:\/\/marketcash.net\/pt\/blog\/transfer-of-the-marketcash-project-to-mdinvest\/16\/2020\/\">Transfer\u00eancia do Projeto MarketCash para MDinvest<\/a><\/li>\n<li><a class=\"wp-block-latest-posts__post-title\" href=\"https:\/\/marketcash.net\/pt\/blog\/marketcash-swap-to-waves-blockchain\/18\/2019\/\">Troca de MarketCash para Waves Blockchain<\/a><\/li>\n<\/ul>\n\n\n<h2 class=\"wp-block-heading\">Bloco de incorpora\u00e7\u00e3o do Twitter<\/h2>\n\n\n\n<figure class=\"wp-block-embed-twitter wp-block-embed is-type-rich is-provider-twitter\"><div class=\"wp-block-embed__wrapper\">\n<blockquote class=\"twitter-tweet\" data-width=\"550\" data-dnt=\"true\"><p lang=\"ht\" dir=\"ltr\">kkk, ok? <a href=\"https:\/\/t.co\/CHHBgXeGIO\">foto.twitter.com\/CHHBgXeGIO<\/a><\/p>\u2014 Marques Brownlee (@MKBHD) <a href=\"https:\/\/twitter.com\/MKBHD\/status\/993606431126548481?ref_src=twsrc%5Etfw\">7 de maio de 2018<\/a><\/blockquote><script async src=\"https:\/\/platform.twitter.com\/widgets.js\" charset=\"utf-8\"><\/script>\n<\/div><\/figure>\n\n\n\n<h2 class=\"wp-block-heading\">Bloco de incorpora\u00e7\u00e3o do YouTube<\/h2>\n\n\n\n<figure class=\"wp-block-embed-youtube wp-block-embed is-type-video is-provider-youtube wp-embed-aspect-16-9 wp-has-aspect-ratio\"><div class=\"wp-block-embed__wrapper\">\n<iframe width=\"1240\" height=\"698\" src=\"https:\/\/www.youtube.com\/embed\/V-Ma40uyo-I?feature=oembed\" frameborder=\"0\" allow=\"autoplay; encrypted-media\" allowfullscreen><\/iframe>\n<\/div><\/figure>\n\n\n\n<h2 class=\"wp-block-heading\">Bloco de incorpora\u00e7\u00e3o do Facebook<\/h2>\n\n\n\n<figure class=\"wp-block-embed-facebook wp-block-embed is-provider-embed-handler\"><div class=\"wp-block-embed__wrapper\">\nhttps:\/\/www.facebook.com\/groups\/macpowerusers\/\n<\/div><\/figure>\n\n\n\n<h2 class=\"wp-block-heading\">Bloco de incorpora\u00e7\u00e3o do WordPress<\/h2>\n\n\n\n<figure class=\"wp-block-embed-wordpress wp-block-embed is-type-wp-embed is-provider-genesis-framework wp-embed-aspect-16-9 wp-has-aspect-ratio\"><div class=\"wp-block-embed__wrapper\">\n<blockquote class=\"wp-embedded-content\" data-secret=\"rg6ExE9jy9\"><a href=\"https:\/\/gutensample.genesiswp.club\/contact\/\">P\u00e1gina de contato<\/a><\/blockquote><iframe class=\"wp-embedded-content\" sandbox=\"allow-scripts\" security=\"restricted\" style=\"position: absolute; clip: rect(1px, 1px, 1px, 1px);\" src=\"https:\/\/gutensample.genesiswp.club\/contact\/embed\/#?secret=rg6ExE9jy9\" data-secret=\"rg6ExE9jy9\" width=\"600\" height=\"338\" title=\"\u201cP\u00e1gina de contato\u201d \u2014 Genesis Framework\" frameborder=\"0\" marginwidth=\"0\" marginheight=\"0\" scrolling=\"no\"><\/iframe>\n<\/div><\/figure>\n\n\n\n<h2 class=\"wp-block-heading\">Bloco de incorpora\u00e7\u00e3o do Vimeo<\/h2>\n\n\n\n<figure class=\"wp-block-embed-vimeo wp-block-embed is-type-video is-provider-vimeo wp-embed-aspect-16-9 wp-has-aspect-ratio\"><div class=\"wp-block-embed__wrapper\">\n<iframe src=\"https:\/\/player.vimeo.com\/video\/267362241?app_id=122963\" width=\"1240\" height=\"698\" frameborder=\"0\" title=\"Transiente: Filmagem estendida e n\u00e3o utilizada\" webkitallowfullscreen mozallowfullscreen allowfullscreen><\/iframe>\n<\/div><\/figure>","protected":false},"excerpt":{"rendered":"<p>Bloco de T\u00edtulo (H2) Voc\u00ea est\u00e1 olhando para um. (H3) Bloco de Subt\u00edtulo Bloco de Par\u00e1grafo Este \u00e9 um bloco de par\u00e1grafo. Produza profissionalmente resultados altamente eficientes com compet\u00eancias essenciais de classe mundial. Arquiteturas de alavancagem matricial objetivamente vis-\u00e0-vis aplicativos sem erros. Maximize completamente portais personalizados por meio de m\u00e9tricas totalmente pesquisadas. Gere com entusiasmo itens de a\u00e7\u00e3o de primeira linha por meio de e-markets habilitados para a web. Tarefa paralela eficientemente intelectual hol\u00edstica\u2026<\/p>","protected":false},"author":1,"featured_media":0,"parent":0,"menu_order":0,"comment_status":"closed","ping_status":"closed","template":"","meta":{"footnotes":""},"class_list":["post-120","page","type-page","status-publish","hentry"],"_links":{"self":[{"href":"https:\/\/marketcash.net\/pt\/wp-json\/wp\/v2\/pages\/120","targetHints":{"allow":["GET"]}}],"collection":[{"href":"https:\/\/marketcash.net\/pt\/wp-json\/wp\/v2\/pages"}],"about":[{"href":"https:\/\/marketcash.net\/pt\/wp-json\/wp\/v2\/types\/page"}],"author":[{"embeddable":true,"href":"https:\/\/marketcash.net\/pt\/wp-json\/wp\/v2\/users\/1"}],"replies":[{"embeddable":true,"href":"https:\/\/marketcash.net\/pt\/wp-json\/wp\/v2\/comments?post=120"}],"version-history":[{"count":0,"href":"https:\/\/marketcash.net\/pt\/wp-json\/wp\/v2\/pages\/120\/revisions"}],"wp:attachment":[{"href":"https:\/\/marketcash.net\/pt\/wp-json\/wp\/v2\/media?parent=120"}],"curies":[{"name":"wp","href":"https:\/\/api.w.org\/{rel}","templated":true}]}}